{"id":13105,"date":"2023-02-06T16:13:07","date_gmt":"2023-02-06T15:13:07","guid":{"rendered":"https:\/\/www.roche-loire.com\/?page_id=13105"},"modified":"2026-04-20T09:47:28","modified_gmt":"2026-04-20T07:47:28","slug":"reservation-cb","status":"publish","type":"page","link":"https:\/\/www.roche-loire.com\/en\/tarifs-reservation\/reservation-cb","title":{"rendered":"Prices &amp; Booking"},"content":{"rendered":"<div class=\"brz-root__container brz-reset-all\">\n<section id=\"swzxisflsxjjbqscrljyjeftdvbryoygydnp\" class=\"brz-section brz-css-oR9wn brz-css-cz0kA\">\n<div class=\"brz-section__content brz-section--boxed brz-css-bf08d brz-css-vuzYc\" data-brz-custom-id=\"imnqwrzmzhcjdcrsormdtfenylvhkhrvctgd\">\n<div class=\"brz-bg\">\n<div class=\"brz-bg-image\"><\/div>\n<\/div>\n<div class=\"brz-container brz-css-cQd83\">\n<div id class=\"brz-css-a4wVE brz-css-otjLf brz-css-mcCSo brz-wrapper\">\n<div class=\"brz-spacer brz-css-fhEqM brz-css-vdj_Y\"><\/div>\n<\/div>\n<div id class=\"brz-css-a4wVE brz-css-sjFwO brz-wrapper\">\n<div class=\"brz-rich-text brz-rich-text__custom brz-css-l86BD\" data-brz-custom-id=\"pxotkwvmgzwgdcayfuseijevfbkaaptqcvxu\">\n<div data-brz-translate-text=\"1\">\n<h1 class=\"brz-text-lg-center brz-mt-lg-0 brz-mb-lg-0 brz-tp-lg-empty brz-ff-montserrat brz-ft-google brz-fs-lg-60 brz-fss-lg-px brz-fw-lg-800 brz-ls-lg-m_3 brz-lh-lg-1_7 brz-tp-sm-empty brz-fs-sm-50 brz-fss-sm-px brz-fw-sm-800 brz-ls-sm-m_3 brz-lh-sm-1_7 brz-ls-xs-m_3 brz-lh-xs-1_2 brz-tp-xs-empty brz-fs-xs-50 brz-fss-xs-px brz-fw-xs-800 brz-css-oCJjr\" data-generated-css=\"brz-css-pares\" data-uniq-id=\"mzpjx\"><span class=\"brz-scp-color1 brz-cp-color4 brz-capitalize-on\">Prices &amp; Booking<\/span><\/h1>\n<\/div>\n<\/div>\n<\/div>\n<\/div>\n<\/div>\n<\/section>\n<section id=\"ggukftzjkuwjlztqsejddbnuissnmseiuwvp\" class=\"brz-section brz-css-oR9wn\">\n<div class=\"brz-section__content brz-section--boxed brz-css-bf08d brz-css-jrJIO\" data-brz-custom-id=\"zqefvbjdqqvnuayeafwtblptaaoinhomblgz\">\n<div class=\"brz-bg\">\n<div class=\"brz-bg-color\"><\/div>\n<\/div>\n<div class=\"brz-container brz-css-cQd83\">\n<div id class=\"brz-css-a4wVE brz-css-wBINi brz-wrapper\">\n<div class=\"brz-wp__breadcrumbs brz-css-qWteC brz-css-hfRMe\" data-brz-custom-id=\"woohgdjlutprwfxyjxcdmzcmpwgbhpolnbqh\">\n<div style=\"min-height:20px\"><\/div>\n<\/div>\n<\/div>\n<div id class=\"brz-css-a4wVE brz-css-otjLf brz-wrapper\">\n<div class=\"brz-spacer brz-css-fhEqM brz-css-lXUXn\"><\/div>\n<\/div>\n<div id class=\"brz-css-a4wVE brz-wrapper\">\n<div class=\"brz-rich-text brz-rich-text__custom brz-css-l86BD\" data-brz-custom-id=\"nlinpijolyriqyjdtqhnnavjjwpgivqbtrkx\">\n<div data-brz-translate-text=\"1\">\n<h2 class=\"brz-fs-lg-36 brz-ft-google brz-ff-alice brz-tp-lg-empty brz-lh-lg-1_3 brz-ls-lg-0 brz-fw-lg-400 brz-fss-lg-px brz-text-lg-center brz-tp-xs-empty brz-fs-xs-31 brz-fss-xs-px brz-fw-xs-400 brz-ls-xs-0 brz-lh-xs-1_3 brz-css-a3pBK\" data-generated-css=\"brz-css-ktfim\" data-uniq-id=\"xvwxy\"><strong>Secure credit card booking<\/strong><\/h2>\n<\/div>\n<\/div>\n<\/div>\n<div id class=\"brz-css-a4wVE brz-wrapper\">\n<div class=\"brz-image brz-css-yDGvN\" data-brz-custom-id=\"fhrwicugrulshfslquhnjosmkojvafbfjqne\"><img decoding=\"async\" class=\"brz-img\" src=\"%7B@brizy_SITE_URL_PLACEHOLDER@%7D\/?leweboskop_media=wp-4805fe9eb13d8e893dc6765f3185d338.png&amp;leweboskop_crop=iW%3D117%26iH%3D17%26oX%3D0%26oY%3D0%26cW%3D117%26cH%3D17\" alt=\"\" loading=\"lazy\"><\/div>\n<\/div>\n<div id class=\"brz-css-a4wVE brz-css-otjLf brz-wrapper\">\n<div class=\"brz-spacer brz-css-fhEqM brz-css-ccWVe\"><\/div>\n<\/div>\n<div class=\"brz-wrapper-clone brz-css-rT8On\">\n<div class=\"brz-d-xs-flex brz-flex-xs-wrap brz-css-iEGJ2\" data-brz-custom-id>\n<div class=\"brz-wrapper-clone__item\" id=\"vbidmmenlklsxazdbtcdqyniqnqenglpaziw\"><a class=\"brz-a brz-btn brz-css-z1VsK brz-css-hYGrX\" href=\"https:\/\/paysdelaloire-mb-prestataire.for-system.com\/f127950_fr-.aspx\" target=\"_blank\" rel=\"noopener\" data-brz-link-type=\"external\" data-brz-custom-id=\"vbidmmenlklsxazdbtcdqyniqnqenglpaziw\"><span data-brz-translate-text=\"1\" class=\"brz-span brz-text__editor\">BOOK A G\u00ceTE<\/span><\/a><\/div>\n<\/div>\n<\/div>\n<div id class=\"brz-css-a4wVE brz-css-otjLf brz-wrapper\">\n<div class=\"brz-spacer brz-css-fhEqM brz-css-sU3kL\"><\/div>\n<\/div>\n<\/div>\n<\/div>\n<\/section>\n<section id=\"amvlkzoeubveioaqsfatiqlihtjwwerrjjrs\" class=\"brz-section brz-css-oR9wn\">\n<div class=\"brz-section__content brz-section--boxed brz-css-bf08d brz-css-z0kxe\" data-brz-custom-id=\"pfdzakhuoajqrgbaqupctmkwkbogagcllbam\">\n<div class=\"brz-bg\">\n<div class=\"brz-bg-color\"><\/div>\n<\/div>\n<div class=\"brz-container brz-css-cQd83\">\n<div id data-brz-iteration-count=\"1\" class=\"brz-css-a4wVE brz-wrapper brz-animated brz-css-pVKxw brz-css-zTrQu\" data-animationid=\"xllfskyggilxezlwudlmpzpkzrxneyqpisbd\">\n<div class=\"brz-rich-text brz-rich-text__custom brz-css-l86BD\" data-brz-custom-id=\"uuegxpamyubglvmdrbzbtqhunqvwwapbnmwq\">\n<div data-brz-translate-text=\"1\">\n<h2 class=\"brz-lh-lg-1_7 brz-ls-lg-0 brz-text-lg-center brz-fss-xs-px brz-fw-xs-400 brz-ls-xs-0 brz-lh-xs-1_7 brz-tp-xs-empty brz-fs-xs-13 brz-tp-lg-empty brz-ff-montserrat brz-ft-google brz-fs-lg-16 brz-fss-lg-px brz-fw-lg-500 brz-css-ueF9v\" data-generated-css=\"brz-css-ebjlx\" data-uniq-id=\"pnbnv\"><span class=\"brz-cp-color1\">Website created with passion by <\/span><a class=\"link--external brz-cp-color2\" href=\"https:\/\/www.leweboskop.fr\/\" data-brz-link-type=\"external\" target=\"_blank\">LeWeboskop<\/a><\/h2>\n<\/div>\n<\/div>\n<\/div>\n<\/div>\n<\/div>\n<\/section>\n<\/div>\n<p><!-- version:1758448722 --><\/p>","protected":false},"excerpt":{"rendered":"<p>Rates &amp; Booking Secure credit card booking BOOK A G\u00eete Website created with passion by LeWeboskop<\/p>","protected":false},"author":1,"featured_media":9252,"parent":237,"menu_order":1,"comment_status":"closed","ping_status":"closed","template":"brizy-blank-template.php","meta":{"_seopress_robots_primary_cat":"","_seopress_titles_title":"R\u00e9servation en ligne - Domaine Roche Loire (49)","_seopress_titles_desc":"D\u00e9couvrez les tarifs de nos H\u00e9bergement en Anjou, Maine et Loire 49. Possibilit\u00e9 de r\u00e9servation en ligne avec paiement s\u00e9curis\u00e9 par carte bleu.","_seopress_robots_index":"","footnotes":""},"class_list":["post-13105","page","type-page","status-publish","has-post-thumbnail"],"brizy_media":[{"id":218,"url":"https:\/\/www.roche-loire.com\/wp-content\/uploads\/2022\/11\/Roche-loire-gite.webp","name":"Roche-loire-gite.webp","meta":{"brizy_attachment_uid":"wp-990c38c9eca0b5c1d7c646afd57caaf4.webp","brizy_post_uid":["40c112fa3be7107d72aebf7833cf5605","fc765e63ca1669847c987240bdee65da","0fd8f2b9806afb7e2b3751c6bde49091","84c1fe3b56dbeeadc058189a049a9d41"]}},{"id":341,"url":"https:\/\/www.roche-loire.com\/wp-content\/uploads\/2022\/11\/ot-Saumur.jpg.png","name":"ot-Saumur.jpg.png","meta":{"brizy_attachment_uid":"wp-eb91cda711f113c4ff9d060825da5031.png","brizy_post_uid":["84c1fe3b56dbeeadc058189a049a9d41"]}},{"id":360,"url":"https:\/\/www.roche-loire.com\/wp-content\/uploads\/2022\/11\/logo-anjou-tourisme.png","name":"logo-anjou-tourism.png","meta":{"brizy_attachment_uid":"wp-13c7f4f94aef9d0a33621f5ed0df6b77.png","brizy_post_uid":["84c1fe3b56dbeeadc058189a049a9d41"]}},{"id":1940,"url":"https:\/\/www.roche-loire.com\/wp-content\/uploads\/2022\/11\/Services-1024x683-1.webp","name":"Services-1024x683-1.webp","meta":{"brizy_attachment_uid":"wp-73ff3091105dd95ea62a7059ef1a8582.webp","brizy_post_uid":["fc765e63ca1669847c987240bdee65da","0fd8f2b9806afb7e2b3751c6bde49091","84c1fe3b56dbeeadc058189a049a9d41"]}},{"id":3341,"url":"https:\/\/www.roche-loire.com\/wp-content\/uploads\/2022\/12\/vague.png","name":"wave.png","meta":{"brizy_attachment_uid":"wp-4238c529e6ad8fd0d8b2b855a4583d00.png","brizy_post_uid":["fc765e63ca1669847c987240bdee65da","84c1fe3b56dbeeadc058189a049a9d41","0fd8f2b9806afb7e2b3751c6bde49091","dfe9dba7e34426735cf413e5678b00b8"]}},{"id":5916,"url":"https:\/\/www.roche-loire.com\/wp-content\/uploads\/2022\/12\/saumur.jpg","name":"saumur.jpg","meta":{"brizy_attachment_uid":"wp-a29949452013912138b7c1d9d6137690.jpg","brizy_post_uid":["fc765e63ca1669847c987240bdee65da","84c1fe3b56dbeeadc058189a049a9d41"]}},{"id":5947,"url":"https:\/\/www.roche-loire.com\/wp-content\/uploads\/2022\/12\/Domaine-Roche-Loire-8.webp","name":"Domaine-Roche-Loire-8.webp","meta":{"brizy_attachment_uid":"wp-0252e59ae3c61eff78a26309d9219ffc.webp","brizy_post_uid":["84c1fe3b56dbeeadc058189a049a9d41"]}},{"id":6001,"url":"https:\/\/www.roche-loire.com\/wp-content\/uploads\/2022\/12\/H-CH-rdc-2.webp","name":"H-CH-rdc-2.webp","meta":{"brizy_attachment_uid":"wp-bc81e92d6136857638b6ce6a99e8c74f.webp","brizy_post_uid":["84c1fe3b56dbeeadc058189a049a9d41","fc765e63ca1669847c987240bdee65da","dfe9dba7e34426735cf413e5678b00b8"]}},{"id":6798,"url":"https:\/\/www.roche-loire.com\/wp-content\/uploads\/2022\/12\/banc.webp","name":"banc.webp","meta":{"brizy_attachment_uid":"wp-952a17bc54ac2d3b85b4ea89248dcf0c.webp","brizy_post_uid":["84c1fe3b56dbeeadc058189a049a9d41"]}},{"id":6914,"url":"https:\/\/www.roche-loire.com\/wp-content\/uploads\/2022\/12\/chateau-saumur.jpg","name":"chateau-saumur.jpg","meta":{"brizy_attachment_uid":"wp-411d5d7ad63b2790afc58d007d9c5422.jpg","brizy_post_uid":["84c1fe3b56dbeeadc058189a049a9d41"]}},{"id":9090,"url":"https:\/\/www.roche-loire.com\/wp-content\/uploads\/2022\/12\/decouvrir-anjou.png","name":"discover-anjou.png","meta":{"brizy_attachment_uid":"wp-610598e012d1db6340c1e3e439cffea4.png","brizy_post_uid":["84c1fe3b56dbeeadc058189a049a9d41"]}},{"id":9241,"url":"https:\/\/www.roche-loire.com\/wp-content\/uploads\/2022\/12\/loire_a_velo.jpg","name":"loire_a_velo.jpg","meta":{"brizy_attachment_uid":"wp-08c4df9f904356d8d229914cc41dc5e5.jpg","brizy_post_uid":["84c1fe3b56dbeeadc058189a049a9d41"]}},{"id":9252,"url":"https:\/\/www.roche-loire.com\/wp-content\/uploads\/2022\/12\/vignes-anjou-bord-loire.jpg","name":"vignes-anjou-bord-loire.jpg","meta":{"brizy_attachment_uid":"wp-ea01eb9f9c167697bd64352595525618.jpg","brizy_post_uid":["84c1fe3b56dbeeadc058189a049a9d41","fc765e63ca1669847c987240bdee65da"]}},{"id":9427,"url":"https:\/\/www.roche-loire.com\/wp-content\/uploads\/2022\/12\/chateau-a-saumur-8d55c6c9.jpeg","name":"chateau-a-saumur-8d55c6c9.jpeg","meta":{"brizy_attachment_uid":"wp-da1bf1eb8f4f16378f101401ee8cbf04.jpeg","brizy_post_uid":["84c1fe3b56dbeeadc058189a049a9d41"]}},{"id":9496,"url":"https:\/\/www.roche-loire.com\/wp-content\/uploads\/2022\/12\/390679-34889644.jpg","name":"390679-34889644.jpg","meta":{"brizy_attachment_uid":"wp-24c8ca4fefce5ea54bd4ee9971031c80.jpg","brizy_post_uid":["84c1fe3b56dbeeadc058189a049a9d41"]}},{"id":9583,"url":"https:\/\/www.roche-loire.com\/wp-content\/uploads\/2022\/12\/Musee-troglo-1-1.jpg","name":"Musee-troglo-1-1.jpg","meta":{"brizy_attachment_uid":"wp-f2931a1f62f07538e372bf6017125367.jpg","brizy_post_uid":["84c1fe3b56dbeeadc058189a049a9d41"]}},{"id":9626,"url":"https:\/\/www.roche-loire.com\/wp-content\/uploads\/2022\/12\/la-loire-toue-cabanee-st-dyelalvarez-16-1600x900-1.jpg","name":"la-loire-toue-cabanee-st-dyelalvarez-16-1600x900-1.jpg","meta":{"brizy_attachment_uid":"wp-adb6c173fcf634dbd1989d7da9b3e6b2.jpg","brizy_post_uid":["84c1fe3b56dbeeadc058189a049a9d41"]}},{"id":9725,"url":"https:\/\/www.roche-loire.com\/wp-content\/uploads\/2022\/12\/vins-anjou-saumur-scaled.jpg","name":"vins-anjou-saumur.jpg","meta":{"brizy_attachment_uid":"wp-0e1b4078bffa62d3ebee011f51481e92.jpg","brizy_post_uid":["84c1fe3b56dbeeadc058189a049a9d41"]}},{"id":9769,"url":"https:\/\/www.roche-loire.com\/wp-content\/uploads\/2022\/12\/631136-1564380.jpg","name":"631136-1564380.jpg","meta":{"brizy_attachment_uid":"wp-088359d55afefc7b8832c318120d9eeb.jpg","brizy_post_uid":["84c1fe3b56dbeeadc058189a049a9d41"]}},{"id":9848,"url":"https:\/\/www.roche-loire.com\/wp-content\/uploads\/2022\/12\/gal-1698352.jpg","name":"gal-1698352.jpg","meta":{"brizy_attachment_uid":"wp-b40430a6c842ab3611c32d262f657642.jpg","brizy_post_uid":["84c1fe3b56dbeeadc058189a049a9d41"]}},{"id":9879,"url":"https:\/\/www.roche-loire.com\/wp-content\/uploads\/2022\/12\/bo2-550x550-1.webp","name":"bo2-550x550-1.webp","meta":{"brizy_attachment_uid":"wp-3d030061d7bcaa7b2275c378b54cdc9e.webp","brizy_post_uid":["84c1fe3b56dbeeadc058189a049a9d41"]}},{"id":10009,"url":"https:\/\/www.roche-loire.com\/wp-content\/uploads\/2022\/12\/Puy-du-Fou-Le-Signe-du-Triomphe.jpg","name":"Puy-du-Fou-Le-Signe-du-Triomphe.jpg","meta":{"brizy_attachment_uid":"wp-d43d36f1d2c10021294087c24fc88b9b.jpg","brizy_post_uid":["84c1fe3b56dbeeadc058189a049a9d41"]}},{"id":10066,"url":"https:\/\/www.roche-loire.com\/wp-content\/uploads\/2022\/12\/106466804-3634587593221213-8865144778592046652-n-1248x832-1.webp","name":"106466804-3634587593221213-8865144778592046652-n-1248x832-1.webp","meta":{"brizy_attachment_uid":"wp-b46d91fd6bf403927aa52d15fe15a229.webp","brizy_post_uid":["84c1fe3b56dbeeadc058189a049a9d41"]}},{"id":10893,"url":"https:\/\/www.roche-loire.com\/wp-content\/uploads\/2022\/12\/Chateau_de_Saumur-cSebastien_GAUDARD-AnjouTourisme-1920px.webp","name":"Chateau_de_Saumur-cSebastien_GAUDARD-AnjouTourisme-1920px.webp","meta":{"brizy_attachment_uid":"wp-3a0428be89931624f8d5ff593e5518f0.webp","brizy_post_uid":["84c1fe3b56dbeeadc058189a049a9d41","fc765e63ca1669847c987240bdee65da"]}},{"id":10929,"url":"https:\/\/www.roche-loire.com\/wp-content\/uploads\/2022\/12\/Chateau_de_Saumur-cLUG_creation-AnjouTourisme-1920px.webp","name":"Chateau_de_Saumur-cLUG_creation-AnjouTourisme-1920px.webp","meta":{"brizy_attachment_uid":"wp-c71bcd0f8acb1e2733dc7205c9776569.webp","brizy_post_uid":["84c1fe3b56dbeeadc058189a049a9d41","0fd8f2b9806afb7e2b3751c6bde49091"]}},{"id":10942,"url":"https:\/\/www.roche-loire.com\/wp-content\/uploads\/2022\/12\/Abbaye_de_Fontevraud-cSebastien_GAUDARD-AnjouTourisme-1920px.webp","name":"Abbaye_de_Fontevraud-cSebastien_GAUDARD-AnjouTourisme-1920px.webp","meta":{"brizy_attachment_uid":"wp-6d9ecb0c8ade1c02a0fd29154d5ee649.webp","brizy_post_uid":["84c1fe3b56dbeeadc058189a049a9d41"]}},{"id":10948,"url":"https:\/\/www.roche-loire.com\/wp-content\/uploads\/2022\/12\/Terra_Botanica-cBertrand_BECHARD-AnjouTourisme-1920px.webp","name":"Terra_Botanica-cBertrand_BECHARD-AnjouTourisme-1920px.webp","meta":{"brizy_attachment_uid":"wp-dc3e17e58d91b18649d28d218c4e0549.webp","brizy_post_uid":["84c1fe3b56dbeeadc058189a049a9d41"]}},{"id":10956,"url":"https:\/\/www.roche-loire.com\/wp-content\/uploads\/2022\/12\/Le_Mystere_des_Faluns-cMathieu_GENON-AnjouTourisme-1920px.webp","name":"Le_Mystere_des_Faluns-cMathieu_GENON-AnjouTourisme-1920px.webp","meta":{"brizy_attachment_uid":"wp-d78a61734729a96ca0a02f94a826d710.webp","brizy_post_uid":["84c1fe3b56dbeeadc058189a049a9d41"]}},{"id":10966,"url":"https:\/\/www.roche-loire.com\/wp-content\/uploads\/2022\/12\/Le_Thoureil-cANJOU_TOURISME-AnjouTourisme-1920px.webp","name":"Le_Thoureil-cANJOU_TOURISME-AnjouTourisme-1920px.webp","meta":{"brizy_attachment_uid":"wp-1af6906829722fe7ba83b8ffc7409a3d.webp","brizy_post_uid":["84c1fe3b56dbeeadc058189a049a9d41"]}},{"id":10973,"url":"https:\/\/www.roche-loire.com\/wp-content\/uploads\/2022\/12\/Domaine_de_la_Brulaire-cLes_Conteurs-AnjouTourisme-1920px.webp","name":"Domaine_de_la_Brulaire-cLes_Conteurs-AnjouTourisme-1920px.webp","meta":{"brizy_attachment_uid":"wp-4e7f08df9ab22830932bc4d611299dfa.webp","brizy_post_uid":["84c1fe3b56dbeeadc058189a049a9d41"]}},{"id":10980,"url":"https:\/\/www.roche-loire.com\/wp-content\/uploads\/2022\/12\/Marche_place_Saint-Pierre-cLUG_creation-AnjouTourisme-1920px.webp","name":"Walk_place_Saint-Pierre-cLUG_creation-AnjouTourisme-1920px.webp","meta":{"brizy_attachment_uid":"wp-73c2d6cdc7a649f474b5d29d80adfa52.webp","brizy_post_uid":["84c1fe3b56dbeeadc058189a049a9d41"]}},{"id":10989,"url":"https:\/\/www.roche-loire.com\/wp-content\/uploads\/2022\/12\/Randonnee_Matheflon-cMathieu_GENON-AnjouTourisme-1920px.webp","name":"Randonnee_Matheflon-cMathieu_GENON-AnjouTourisme-1920px.webp","meta":{"brizy_attachment_uid":"wp-b2cf0d66a85630d36aa7b3b4742a51f9.webp","brizy_post_uid":["84c1fe3b56dbeeadc058189a049a9d41","fc765e63ca1669847c987240bdee65da"]}},{"id":11002,"url":"https:\/\/www.roche-loire.com\/wp-content\/uploads\/2022\/12\/St-Mathurin_sur_Loire-cJacques_MOREAU-AnjouTourisme-1920px.webp","name":"St-Mathurin_sur_Loire-cJacques_MOREAU-AnjouTourisme-1920px.webp","meta":{"brizy_attachment_uid":"wp-e5e3e05a18c80a2239cc1a41c19cd820.webp","brizy_post_uid":["84c1fe3b56dbeeadc058189a049a9d41"]}},{"id":11009,"url":"https:\/\/www.roche-loire.com\/wp-content\/uploads\/2022\/12\/Randonnee_Courleon-cMathieu_GENON-AnjouTourisme-1920px.webp","name":"Randonnee_Courleon-cMathieu_GENON-AnjouTourisme-1920px.webp","meta":{"brizy_attachment_uid":"wp-c73719b8b9f37d02e6d78a95d50ae7c6.webp","brizy_post_uid":["84c1fe3b56dbeeadc058189a049a9d41"]}},{"id":11016,"url":"https:\/\/www.roche-loire.com\/wp-content\/uploads\/2022\/12\/Les_Grandes_Tablees-cLUG_creation-AnjouTourisme-1920px.webp","name":"Les_Grandes_Tablees-cLUG_creation-AnjouTourisme-1920px.webp","meta":{"brizy_attachment_uid":"wp-5c70c4c9221045727fea192d71e642f7.webp","brizy_post_uid":["84c1fe3b56dbeeadc058189a049a9d41"]}},{"id":11101,"url":"https:\/\/www.roche-loire.com\/wp-content\/uploads\/2023\/01\/Roche-Loire_avec-vague_fond-transparent.png","name":"Roche-Loire_with-wave_transparent-bottom.png","meta":{"brizy_attachment_uid":"wp-18c4088a33aee1ad0b7607f155ec0976.png","brizy_post_uid":["fc765e63ca1669847c987240bdee65da","84c1fe3b56dbeeadc058189a049a9d41"]}},{"id":11204,"url":"https:\/\/www.roche-loire.com\/wp-content\/uploads\/2023\/01\/Vague_bicolore_fond-transparent.png","name":"Vague_bicolore_fond-transparent.png","meta":{"brizy_attachment_uid":"wp-4805fe9eb13d8e893dc6765f3185d338.png","brizy_post_uid":["fc765e63ca1669847c987240bdee65da","84c1fe3b56dbeeadc058189a049a9d41","9582f2899053e2156208badb3d0fce32","dfe9dba7e34426735cf413e5678b00b8","0fd8f2b9806afb7e2b3751c6bde49091","877f7e975d98b9927b25ca3dba344348","c8943221457fc94296c30b3ba0b5c508","04ef0a4e374b399bf38e52c7f5764b3e"]}},{"id":11296,"url":"https:\/\/www.roche-loire.com\/wp-content\/uploads\/2023\/01\/CARTE-pour-partie-Decouvrir.webp","name":"CARTE-pour-partie-Decouvrir.webp","meta":{"brizy_attachment_uid":"wp-ee2cd09cc7631d76737449a7b08acc73.webp","brizy_post_uid":["84c1fe3b56dbeeadc058189a049a9d41"]}},{"id":11321,"url":"https:\/\/www.roche-loire.com\/wp-content\/uploads\/2023\/01\/carte-des-vins-anjou.webp","name":"wine-map-anjou.webp","meta":{"brizy_attachment_uid":"wp-e24f09e5e860ee719c649e3666bec400.webp","brizy_post_uid":["84c1fe3b56dbeeadc058189a049a9d41"]}},{"id":14392,"url":"https:\/\/www.roche-loire.com\/wp-content\/uploads\/2023\/06\/ROCHE-2023-2eme-CH-RDC-1.jpg","name":"ROCHE-2023-2eme-CH-RDC-1.jpg","meta":{"brizy_attachment_uid":"wp-b46049af6514221c5a9ff5e0ac5d9215.jpg","brizy_post_uid":["0fd8f2b9806afb7e2b3751c6bde49091","84c1fe3b56dbeeadc058189a049a9d41"]}},{"id":14406,"url":"https:\/\/www.roche-loire.com\/wp-content\/uploads\/2023\/06\/ROCHE-2023-SALON-1.jpg","name":"ROCHE-2023-SALON-1.jpg","meta":{"brizy_attachment_uid":"wp-948e57677d0c7131e3cfc70bc296538d.jpg","brizy_post_uid":["0fd8f2b9806afb7e2b3751c6bde49091","84c1fe3b56dbeeadc058189a049a9d41","dfe9dba7e34426735cf413e5678b00b8"]}},{"id":14484,"url":"https:\/\/www.roche-loire.com\/wp-content\/uploads\/2023\/06\/GRANITE-2023-2eme-CH-RDC-1.jpg","name":"GRANITE-2023-2eme-CH-RDC-1.jpg","meta":{"brizy_attachment_uid":"wp-223462df3fa35bb6675d49eb78951e3d.jpg","brizy_post_uid":["877f7e975d98b9927b25ca3dba344348","84c1fe3b56dbeeadc058189a049a9d41","dfe9dba7e34426735cf413e5678b00b8"]}},{"id":14486,"url":"https:\/\/www.roche-loire.com\/wp-content\/uploads\/2023\/06\/GRANITE-2023-CH-ETG-2.jpg","name":"GRANITE-2023-CH-ETG-2.jpg","meta":{"brizy_attachment_uid":"wp-aafd6353f2139611319f72b41d4ba307.jpg","brizy_post_uid":["877f7e975d98b9927b25ca3dba344348","84c1fe3b56dbeeadc058189a049a9d41"]}},{"id":14488,"url":"https:\/\/www.roche-loire.com\/wp-content\/uploads\/2023\/06\/GRANITE-2023-CUIS-2.jpg","name":"GRANITE-2023-CUIS-2.jpg","meta":{"brizy_attachment_uid":"wp-d305185e7b6d09d9d39924d8dbfb5884.jpg","brizy_post_uid":["84c1fe3b56dbeeadc058189a049a9d41"]}},{"id":14614,"url":"https:\/\/www.roche-loire.com\/wp-content\/uploads\/2023\/06\/Plaque-Meuble_tourisme3_2023.jpg","name":"Plaque-Meuble_tourisme3_2023.jpg","meta":{"brizy_attachment_uid":"wp-429144caf31b013438cd609a8deef1ea.jpg","brizy_post_uid":["0fd8f2b9806afb7e2b3751c6bde49091","877f7e975d98b9927b25ca3dba344348","c8943221457fc94296c30b3ba0b5c508","84c1fe3b56dbeeadc058189a049a9d41","fc765e63ca1669847c987240bdee65da","dfe9dba7e34426735cf413e5678b00b8"]}},{"id":14770,"url":"https:\/\/www.roche-loire.com\/wp-content\/uploads\/2023\/06\/DOMAINE-2023-EXT-1.jpg","name":"DOMAINE-2023-EXT-1.jpg","meta":{"brizy_attachment_uid":"wp-730e76c1bef9e1fe8b119659e5b4614f.jpg","brizy_post_uid":["84c1fe3b56dbeeadc058189a049a9d41","dfe9dba7e34426735cf413e5678b00b8","fc765e63ca1669847c987240bdee65da","c8943221457fc94296c30b3ba0b5c508"]}},{"id":14775,"url":"https:\/\/www.roche-loire.com\/wp-content\/uploads\/2023\/06\/DOMAINE-2023-EXT-6.jpg","name":"DOMAINE-2023-EXT-6.jpg","meta":{"brizy_attachment_uid":"wp-6ad047ca181af721d4c8bf4467d1647d.jpg","brizy_post_uid":["fc765e63ca1669847c987240bdee65da","9582f2899053e2156208badb3d0fce32","84c1fe3b56dbeeadc058189a049a9d41","dfe9dba7e34426735cf413e5678b00b8"]}},{"id":14776,"url":"https:\/\/www.roche-loire.com\/wp-content\/uploads\/2023\/06\/DOMAINE-2023-EXT-7.jpg","name":"DOMAINE-2023-EXT-7.jpg","meta":{"brizy_attachment_uid":"wp-382516011b7419fe0294bbeef9307dc2.jpg","brizy_post_uid":["84c1fe3b56dbeeadc058189a049a9d41","dfe9dba7e34426735cf413e5678b00b8"]}},{"id":14778,"url":"https:\/\/www.roche-loire.com\/wp-content\/uploads\/2023\/06\/PISCINE-2023-1.jpg","name":"SWIMMING POOL-2023-1.jpg","meta":{"brizy_attachment_uid":"wp-7c78a5f049eade5997a95ecde8e6cd9c.jpg","brizy_post_uid":["fc765e63ca1669847c987240bdee65da","9582f2899053e2156208badb3d0fce32","dfe9dba7e34426735cf413e5678b00b8","84c1fe3b56dbeeadc058189a049a9d41"]}},{"id":14779,"url":"https:\/\/www.roche-loire.com\/wp-content\/uploads\/2023\/06\/PISCINE-2023-2.jpg","name":"PISCINE-2023-2.jpg","meta":{"brizy_attachment_uid":"wp-36310c66f26599dfcb7af6dd6dc71031.jpg","brizy_post_uid":["84c1fe3b56dbeeadc058189a049a9d41","dfe9dba7e34426735cf413e5678b00b8"]}},{"id":15382,"url":"https:\/\/www.roche-loire.com\/wp-content\/uploads\/2023\/12\/festival-de-loire-.jpg","name":"festival-de-loire-.jpg","meta":{"brizy_attachment_uid":"wp-ec2f5ac690e45801738a8f001dc18a01.jpg","brizy_post_uid":["fa24efe2acf7da363acd7c08baf03c9d","84c1fe3b56dbeeadc058189a049a9d41"]}},{"id":16086,"url":"https:\/\/www.roche-loire.com\/wp-content\/uploads\/2025\/04\/20250324_184147-scaled.jpg","name":"20250324_184147.jpg","meta":{"brizy_attachment_uid":"wp-e2897c03a43d15349fffeae2fe7e70a5.jpg","brizy_post_uid":["dfe9dba7e34426735cf413e5678b00b8","84c1fe3b56dbeeadc058189a049a9d41","9582f2899053e2156208badb3d0fce32"]}},{"id":16088,"url":"https:\/\/www.roche-loire.com\/wp-content\/uploads\/2025\/04\/20250325_164148-scaled.jpg","name":"20250325_164148.jpg","meta":{"brizy_attachment_uid":"wp-87db48fade9ec6ee9a106d93a223e5f0.jpg","brizy_post_uid":["dfe9dba7e34426735cf413e5678b00b8","84c1fe3b56dbeeadc058189a049a9d41"]}},{"id":18437,"url":"https:\/\/www.roche-loire.com\/wp-content\/uploads\/2025\/05\/DSF8912-Panorama-scaled-e1746776487650.jpg","name":"DSF8912-Panorama.jpg","meta":{"brizy_attachment_uid":"wp-2decddcafc5fc06c0b87db77ae33c4e1.jpg","brizy_post_uid":["dfe9dba7e34426735cf413e5678b00b8","84c1fe3b56dbeeadc058189a049a9d41"]}},{"id":18438,"url":"https:\/\/www.roche-loire.com\/wp-content\/uploads\/2025\/05\/DSF8909-scaled.jpg","name":"DSF8909.jpg","meta":{"brizy_attachment_uid":"wp-ca7f0d6ac968a55802e70af2de2d412f.jpg","brizy_post_uid":["dfe9dba7e34426735cf413e5678b00b8","0fd8f2b9806afb7e2b3751c6bde49091","84c1fe3b56dbeeadc058189a049a9d41"]}},{"id":18453,"url":"https:\/\/www.roche-loire.com\/wp-content\/uploads\/2025\/05\/DSF8847-scaled.jpg","name":"DSF8847.jpg","meta":{"brizy_attachment_uid":"wp-a2963b670606c7860abb41533a194a1a.jpg","brizy_post_uid":["fc765e63ca1669847c987240bdee65da","dfe9dba7e34426735cf413e5678b00b8","84c1fe3b56dbeeadc058189a049a9d41"]}},{"id":18470,"url":"https:\/\/www.roche-loire.com\/wp-content\/uploads\/2025\/05\/DSF8844-scaled.jpg","name":"DSF8844.jpg","meta":{"brizy_attachment_uid":"wp-11320ab5ede59744f7e26ef5088bf187.jpg","brizy_post_uid":["84c1fe3b56dbeeadc058189a049a9d41","0fd8f2b9806afb7e2b3751c6bde49091","dfe9dba7e34426735cf413e5678b00b8"]}},{"id":18471,"url":"https:\/\/www.roche-loire.com\/wp-content\/uploads\/2025\/05\/DSF8831-scaled.jpg","name":"DSF8831.jpg","meta":{"brizy_attachment_uid":"wp-71d2e63497cb2bcd019e7691a1f00786.jpg","brizy_post_uid":["84c1fe3b56dbeeadc058189a049a9d41","dfe9dba7e34426735cf413e5678b00b8"]}},{"id":18472,"url":"https:\/\/www.roche-loire.com\/wp-content\/uploads\/2025\/05\/DSF8857-scaled.jpg","name":"DSF8857.jpg","meta":{"brizy_attachment_uid":"wp-1eb93d41cda070a57456a5bbe88c0017.jpg","brizy_post_uid":["84c1fe3b56dbeeadc058189a049a9d41","dfe9dba7e34426735cf413e5678b00b8","c8943221457fc94296c30b3ba0b5c508"]}},{"id":19265,"url":"https:\/\/www.roche-loire.com\/wp-content\/uploads\/2025\/05\/IMG-20250518-WA0041.jpg","name":"IMG-20250518-WA0041.jpg","meta":{"brizy_attachment_uid":"wp-4265f0f54d468cb01255ab8ac788cbde.jpg","brizy_post_uid":["84c1fe3b56dbeeadc058189a049a9d41"]}},{"id":19275,"url":"https:\/\/www.roche-loire.com\/wp-content\/uploads\/2025\/05\/IMG-20250518-WA0044.jpg","name":"IMG-20250518-WA0044.jpg","meta":{"brizy_attachment_uid":"wp-68fbfaa4d5ce63eb0c5a2602c253d04f.jpg","brizy_post_uid":["84c1fe3b56dbeeadc058189a049a9d41"]}}],"_links":{"self":[{"href":"https:\/\/www.roche-loire.com\/en\/wp-json\/wp\/v2\/pages\/13105","targetHints":{"allow":["GET"]}}],"collection":[{"href":"https:\/\/www.roche-loire.com\/en\/wp-json\/wp\/v2\/pages"}],"about":[{"href":"https:\/\/www.roche-loire.com\/en\/wp-json\/wp\/v2\/types\/page"}],"author":[{"embeddable":true,"href":"https:\/\/www.roche-loire.com\/en\/wp-json\/wp\/v2\/users\/1"}],"replies":[{"embeddable":true,"href":"https:\/\/www.roche-loire.com\/en\/wp-json\/wp\/v2\/comments?post=13105"}],"version-history":[{"count":0,"href":"https:\/\/www.roche-loire.com\/en\/wp-json\/wp\/v2\/pages\/13105\/revisions"}],"up":[{"embeddable":true,"href":"https:\/\/www.roche-loire.com\/en\/wp-json\/wp\/v2\/pages\/237"}],"wp:featuredmedia":[{"embeddable":true,"href":"https:\/\/www.roche-loire.com\/en\/wp-json\/wp\/v2\/media\/9252"}],"wp:attachment":[{"href":"https:\/\/www.roche-loire.com\/en\/wp-json\/wp\/v2\/media?parent=13105"}],"curies":[{"name":"wp","href":"https:\/\/api.w.org\/{rel}","templated":true}]}}