{"id":15358,"date":"2023-12-14T09:29:45","date_gmt":"2023-12-14T08:29:45","guid":{"rendered":"https:\/\/www.roche-loire.com\/?page_id=15358"},"modified":"2026-04-20T17:09:23","modified_gmt":"2026-04-20T15:09:23","slug":"agenda","status":"publish","type":"page","link":"https:\/\/www.roche-loire.com\/en\/decouvrir\/agenda","title":{"rendered":"Agenda"},"content":{"rendered":"<div class=\"brz brz-root__container brz-reset-all brz-root__container-page\">\n<section id=\"fYrNUw7qBoIB_fYrNUw7qBoIB\" class=\"brz-section brz-css-d-section brz-css-8af3z9\">\n<div class=\"brz-section__content brz-section--boxed brz-css-d-sectionitem-bg brz-css-nnh1tc\" data-brz-custom-id=\"uBPM0GWYH0dx\">\n<div class=\"brz-bg\">\n<div class=\"brz-bg-image\"><\/div>\n<div class=\"brz-bg-color\"><\/div>\n<\/div>\n<div class=\"brz-container brz-css-d-sectionitem-container brz-css-13pmv73\">\n<div id=\"\" class=\"brz-css-d-wrapper brz-css-esquev brz-wrapper\">\n<div class=\"brz-rich-text brz-rich-text__custom brz-css-d-richtext brz-css-1err8h2\" data-brz-custom-id=\"aC1TtLSDHxR1\">\n<div data-brz-translate-text=\"1\">\n<h1 class=\"brz-mb-lg-0 brz-mt-lg-0 brz-text-lg-center brz-tp-lg-empty brz-ff-montserrat brz-ft-google brz-fs-lg-60 brz-fss-lg-px brz-fw-lg-800 brz-ls-lg-m_3 brz-lh-lg-1_7 brz-tp-sm-empty brz-fs-sm-50 brz-fss-sm-px brz-fw-sm-800 brz-ls-sm-m_3 brz-lh-sm-1_7 brz-fss-xs-px brz-fw-xs-800 brz-ls-xs-m_3 brz-lh-xs-1_3 brz-tp-xs-empty brz-fs-xs-50 brz-css-tIT_4\" data-uniq-id=\"uyWIE\" data-generated-css=\"brz-css-qE5SM\"><span class=\"brz-cp-color4 brz-scp-color1 brz-capitalize-on\">events calendar<\/span><\/h1>\n<\/div>\n<\/div>\n<\/div>\n<\/div>\n<\/div>\n<\/section>\n<section id=\"iy0ZVnkYKvFa_iy0ZVnkYKvFa\" class=\"brz-section brz-css-d-section brz-css-3mwp31\">\n<div class=\"brz-section__content brz-section--boxed brz-css-d-sectionitem-bg brz-css-1miky9r\" data-brz-custom-id=\"j3whHxpeVu4h\">\n<div class=\"brz-bg\">\n<div class=\"brz-bg-color\"><\/div>\n<\/div>\n<div class=\"brz-container brz-css-d-sectionitem-container brz-css-132rieu\">\n<div id=\"\" class=\"brz-css-d-wrapper brz-css-1kz1pnm brz-wrapper\">\n<div class=\"brz-wp__breadcrumbs brz-css-d-wpbreadcrumbs brz-css-10fc1ph\" data-brz-custom-id=\"uNsdgyPoh1ou\">\n<div style=\"min-height:20px\"><\/div>\n<\/div>\n<\/div>\n<div id=\"\" class=\"brz-css-d-wrapper brz-css-1yn22io brz-wrapper\">\n<div class=\"brz-embed-code brz-css-d-embedcode brz-css-ebz04b\" data-brz-custom-id=\"kpJpWCf3w8B9\">\n<div class=\"brz-embed-content\">\n<div><!--Balise \u00e0 int\u00e9grer \u00e0 l'emplacement voulu pour affichage des \u00e9v\u00e8nements--><\/p>\n<div class=\"lae-widget\" data-id=\"https:\/\/widget.laetis.fr\/v2\/anjou-tourisme\/wagenda?auto=0&amp;nb=10&amp;width=auto&amp;height=auto&amp;bgc=%23FFFFFF&amp;txtc=%23161616&amp;thc=%23209685&amp;mode=diaporama&amp;mode_diffusio_3=list-map-diffusio\"><\/div>\n<\/div>\n<\/div>\n<\/div>\n<\/div>\n<\/div>\n<\/div>\n<\/section><\/div>\n<p><!-- version:1773418285 --><\/p>","protected":false},"excerpt":{"rendered":"<p>events calendar<\/p>","protected":false},"author":1,"featured_media":0,"parent":233,"menu_order":4,"comment_status":"closed","ping_status":"closed","template":"brizy-blank-template.php","meta":{"_seopress_robots_primary_cat":"","_seopress_titles_title":"Agenda des manifestation","_seopress_titles_desc":"D\u00e9couvrez tous les \u00e9v\u00e8nements qui se d\u00e9roulent proche des gites de Roche Loire : expositions, concerts, festivals...","_seopress_robots_index":"","footnotes":""},"class_list":["post-15358","page","type-page","status-publish"],"brizy_media":[{"id":15382,"url":"https:\/\/www.roche-loire.com\/wp-content\/uploads\/2023\/12\/festival-de-loire-.jpg","name":"festival-de-loire-.jpg","meta":{"brizy_attachment_uid":"wp-ec2f5ac690e45801738a8f001dc18a01.jpg","brizy_post_uid":["fa24efe2acf7da363acd7c08baf03c9d","84c1fe3b56dbeeadc058189a049a9d41"]}}],"_links":{"self":[{"href":"https:\/\/www.roche-loire.com\/en\/wp-json\/wp\/v2\/pages\/15358","targetHints":{"allow":["GET"]}}],"collection":[{"href":"https:\/\/www.roche-loire.com\/en\/wp-json\/wp\/v2\/pages"}],"about":[{"href":"https:\/\/www.roche-loire.com\/en\/wp-json\/wp\/v2\/types\/page"}],"author":[{"embeddable":true,"href":"https:\/\/www.roche-loire.com\/en\/wp-json\/wp\/v2\/users\/1"}],"replies":[{"embeddable":true,"href":"https:\/\/www.roche-loire.com\/en\/wp-json\/wp\/v2\/comments?post=15358"}],"version-history":[{"count":1,"href":"https:\/\/www.roche-loire.com\/en\/wp-json\/wp\/v2\/pages\/15358\/revisions"}],"predecessor-version":[{"id":19662,"href":"https:\/\/www.roche-loire.com\/en\/wp-json\/wp\/v2\/pages\/15358\/revisions\/19662"}],"up":[{"embeddable":true,"href":"https:\/\/www.roche-loire.com\/en\/wp-json\/wp\/v2\/pages\/233"}],"wp:attachment":[{"href":"https:\/\/www.roche-loire.com\/en\/wp-json\/wp\/v2\/media?parent=15358"}],"curies":[{"name":"wp","href":"https:\/\/api.w.org\/{rel}","templated":true}]}}